{"id":418,"date":"2025-08-04T20:10:06","date_gmt":"2025-08-04T20:10:06","guid":{"rendered":"https:\/\/farmacialino.pt\/online\/forum\/"},"modified":"2025-08-04T20:10:06","modified_gmt":"2025-08-04T20:10:06","slug":"forum","status":"publish","type":"page","link":"https:\/\/farmacialino.pt\/online\/forum\/","title":{"rendered":"Forum"},"content":{"rendered":"<div id=\"af-wrapper\"><div id=\"forum-header\"><div id=\"forum-navigation-mobile\"><a><span class=\"fas fa-bars\"><\/span>Menu<\/a><\/div><span class=\"screen-reader-text\">Navega\u00e7\u00e3o do f\u00f3rum<\/span><div id=\"forum-navigation\"><a class=\"home-link\" href=\"https:\/\/farmacialino.pt\/online\/forum\" target=\"_self\">F\u00f3rum<\/a><a class=\"members-link\" href=\"https:\/\/farmacialino.pt\/online\/forum\/members\/\" target=\"_self\">Membros<\/a><a class=\"activity-link\" href=\"https:\/\/farmacialino.pt\/online\/forum\/activity\/\" target=\"_self\">Actividade<\/a><a class=\"login-link\" href=\"https:\/\/farmacialino.pt\/online\/loginwp\/?redirect_to=https%3A%2F%2Ffarmacialino.pt%2Fonline%2Fwp-json%2Fwp%2Fv2%2Fpages%2F418\" target=\"_self\">Iniciar sess\u00e3o<\/a><a class=\"register-link\" href=\"https:\/\/farmacialino.pt\/online\/loginwp\/?action=register\" target=\"_self\">Registo<\/a><\/div><div id=\"forum-search\"><span class=\"search-icon fas fa-search\"><\/span><form method=\"get\" action=\"https:\/\/farmacialino.pt\/online\/forum\/search\/\"><input name=\"keywords\" type=\"search\" placeholder=\"Pesquisar ...\" value=\"\"><\/form><\/div><div class=\"clear\"><\/div><\/div><div id=\"forum-breadcrumbs\" itemscope itemtype=\"http:\/\/schema.org\/BreadcrumbList\"><span class=\"screen-reader-text\">Breadcrumbs do f\u00f3rum - Est\u00e1 aqui:<\/span><span class=\"breadcrumb-icon fas fa-home\"><\/span><span itemprop=\"itemListElement\" itemscope itemtype=\"https:\/\/schema.org\/ListItem\"><a itemprop=\"item\" href=\"https:\/\/farmacialino.pt\/online\/forum\" title=\"Forum\"><span itemprop=\"name\">Forum<\/span><\/a><meta itemprop=\"position\" content=\"1\"><\/span><span class=\"breadcrumb-icon fas fa-chevron-right separator\"><\/span><\/div><h1 class=\"main-title main-title-\">Forum<\/h1><div class=\"title-element\" id=\"forum-category-436\">Example Category<span class=\"last-post-headline\">\u00daltimo artigo<\/span><\/div><div class=\"content-container\"><div class=\"content-element forum\" id=\"forum-1\"><div class=\"forum-status unread\"><i class=\"fas fa-comments\"><\/i><\/div><div class=\"forum-name\"><a class=\"forum-title\" href=\"https:\/\/farmacialino.pt\/online\/forum\/forum\/1\/\">First Forum<\/a><small class=\"forum-description\">My first forum.<\/small><small class=\"forum-stats\">28 t\u00f3picos&nbsp;&middot;&nbsp;76 artigos<\/small><small class=\"forum-lastpost-small\">\u00daltimo artigo:&nbsp;<a href=\"https:\/\/farmacialino.pt\/online\/forum\/topic\/28\/#postid-76\">OMS inclui medicamentos para obesi &#8230;<\/a>&nbsp;&middot;&nbsp;<a href=\"https:\/\/farmacialino.pt\/online\/forum\/topic\/28\/#postid-76\">H\u00e1 7 meses<\/a>&nbsp;&middot;&nbsp;<a class=\"profile-link highlight-admin\" href=\"https:\/\/farmacialino.pt\/online\/forum\/profile\/author\/\">author<\/a><\/small><\/div><div class=\"forum-poster\"><div class=\"forum-poster-avatar\"><img alt='' src='https:\/\/secure.gravatar.com\/avatar\/f40248c4296dc36ffdef8ff0ec5081203b8cda428495941d7a5881c1f7a3e459?s=40&#038;d=mm&#038;r=g' srcset='https:\/\/secure.gravatar.com\/avatar\/f40248c4296dc36ffdef8ff0ec5081203b8cda428495941d7a5881c1f7a3e459?s=80&#038;d=mm&#038;r=g 2x' class='avatar avatar-40 photo' height='40' width='40' \/><\/div><div class=\"forum-poster-summary\"><a href=\"https:\/\/farmacialino.pt\/online\/forum\/topic\/28\/#postid-76\">OMS inclui medicamentos p &#8230;<\/a><br><small><a href=\"https:\/\/farmacialino.pt\/online\/forum\/topic\/28\/#postid-76\">H\u00e1 7 meses<\/a><span>&nbsp;&middot;&nbsp;<\/span><a class=\"profile-link highlight-admin\" href=\"https:\/\/farmacialino.pt\/online\/forum\/profile\/author\/\">author<\/a><\/small><\/div><\/div><\/div><\/div><div id=\"read-unread\"><span class=\"indicator unread\"><\/span><span class=\"indicator-label\">Novos artigos<\/span><span class=\"indicator read\"><\/span><span class=\"indicator-label\">Nada novo <\/span><span class=\"indicator-label\"><span class=\"fas fa-check\"><\/span><a href=\"https:\/\/farmacialino.pt\/online\/forum\/markallread\/?_wpnonce=2cb684de19\">Marcar tudo como lido<\/a><\/span><span class=\"indicator-label\"><span class=\"fas fa-history\"><\/span><a href=\"https:\/\/farmacialino.pt\/online\/forum\/unread\/\">Mostrar t\u00f3picos por ler<\/a><\/span><div class=\"clear\"><\/div><\/div><div id=\"statistics\"><div class=\"title-element title-element-dark\"><span class=\"title-element-icon fas fa-chart-pie\"><\/span>Estat\u00edsticas<\/div><div id=\"statistics-body\"><div id=\"statistics-elements\"><div class=\"statistics-element\"><div class=\"element-number\"><span class=\"statistics-element-icon far fa-comments\"><\/span>28<\/div><div class=\"element-name\">T\u00f3picos<\/div><\/div><div class=\"statistics-element\"><div class=\"element-number\"><span class=\"statistics-element-icon far fa-comment\"><\/span>76<\/div><div class=\"element-name\">Artigos:<\/div><\/div><div class=\"statistics-element\"><div class=\"element-number\"><span class=\"statistics-element-icon far fa-eye\"><\/span>1.865<\/div><div class=\"element-name\">Visitas<\/div><\/div><div class=\"statistics-element\"><div class=\"element-number\"><span class=\"statistics-element-icon far fa-user\"><\/span>31<\/div><div class=\"element-name\">Utilizadores<\/div><\/div><div class=\"statistics-element\"><div class=\"element-number\"><span class=\"statistics-element-icon far fa-lightbulb\"><\/span>0<\/div><div class=\"element-name\">Online<\/div><\/div><\/div><div id=\"statistics-online-users\"><span class=\"online-users-icon fas fa-user\"><\/span>Membro mais recente:&nbsp;<i><a class=\"profile-link highlight-default\" href=\"https:\/\/farmacialino.pt\/online\/forum\/profile\/technerdpt\/\">Ricardo Silva<\/a><\/i>&nbsp;&middot;&nbsp;<span class=\"online-users-icon fas fa-users\"><\/span><i>Ningu\u00e9m est\u00e1 online.<\/i><\/div><\/div><div class=\"clear\"><\/div><\/div><div id=\"bottom-navigation\"><\/div><div class=\"clear\"><\/div><\/div>\n","protected":false},"excerpt":{"rendered":"","protected":false},"author":1,"featured_media":0,"parent":0,"menu_order":0,"comment_status":"closed","ping_status":"closed","template":"","meta":{"site-sidebar-layout":"default","site-content-layout":"","ast-site-content-layout":"default","site-content-style":"default","site-sidebar-style":"default","ast-global-header-display":"","ast-banner-title-visibility":"","ast-main-header-display":"","ast-hfb-above-header-display":"","ast-hfb-below-header-display":"","ast-hfb-mobile-header-display":"","site-post-title":"","ast-breadcrumbs-content":"","ast-featured-img":"","footer-sml-layout":"","ast-disable-related-posts":"","theme-transparent-header-meta":"","adv-header-id-meta":"","stick-header-meta":"","header-above-stick-meta":"","header-main-stick-meta":"","header-below-stick-meta":"","astra-migrate-meta-layouts":"default","ast-page-background-enabled":"default","ast-page-background-meta":{"desktop":{"background-color":"var(--ast-global-color-4)","background-image":"","background-repeat":"repeat","background-position":"center center","background-size":"auto","background-attachment":"scroll","background-type":"","background-media":"","overlay-type":"","overlay-color":"","overlay-opacity":"","overlay-gradient":""},"tablet":{"background-color":"","background-image":"","background-repeat":"repeat","background-position":"center center","background-size":"auto","background-attachment":"scroll","background-type":"","background-media":"","overlay-type":"","overlay-color":"","overlay-opacity":"","overlay-gradient":""},"mobile":{"background-color":"","background-image":"","background-repeat":"repeat","background-position":"center center","background-size":"auto","background-attachment":"scroll","background-type":"","background-media":"","overlay-type":"","overlay-color":"","overlay-opacity":"","overlay-gradient":""}},"ast-content-background-meta":{"desktop":{"background-color":"var(--ast-global-color-5)","background-image":"","background-repeat":"repeat","background-position":"center center","background-size":"auto","background-attachment":"scroll","background-type":"","background-media":"","overlay-type":"","overlay-color":"","overlay-opacity":"","overlay-gradient":""},"tablet":{"background-color":"var(--ast-global-color-5)","background-image":"","background-repeat":"repeat","background-position":"center center","background-size":"auto","background-attachment":"scroll","background-type":"","background-media":"","overlay-type":"","overlay-color":"","overlay-opacity":"","overlay-gradient":""},"mobile":{"background-color":"var(--ast-global-color-5)","background-image":"","background-repeat":"repeat","background-position":"center center","background-size":"auto","background-attachment":"scroll","background-type":"","background-media":"","overlay-type":"","overlay-color":"","overlay-opacity":"","overlay-gradient":""}},"footnotes":""},"class_list":["post-418","page","type-page","status-publish","hentry"],"_links":{"self":[{"href":"https:\/\/farmacialino.pt\/online\/wp-json\/wp\/v2\/pages\/418","targetHints":{"allow":["GET"]}}],"collection":[{"href":"https:\/\/farmacialino.pt\/online\/wp-json\/wp\/v2\/pages"}],"about":[{"href":"https:\/\/farmacialino.pt\/online\/wp-json\/wp\/v2\/types\/page"}],"author":[{"embeddable":true,"href":"https:\/\/farmacialino.pt\/online\/wp-json\/wp\/v2\/users\/1"}],"replies":[{"embeddable":true,"href":"https:\/\/farmacialino.pt\/online\/wp-json\/wp\/v2\/comments?post=418"}],"version-history":[{"count":0,"href":"https:\/\/farmacialino.pt\/online\/wp-json\/wp\/v2\/pages\/418\/revisions"}],"wp:attachment":[{"href":"https:\/\/farmacialino.pt\/online\/wp-json\/wp\/v2\/media?parent=418"}],"curies":[{"name":"wp","href":"https:\/\/api.w.org\/{rel}","templated":true}]}}