{"id":107,"date":"2025-07-29T07:52:43","date_gmt":"2025-07-29T07:52:43","guid":{"rendered":"https:\/\/farmacialino.pt\/online\/?post_type=product&#038;p=107"},"modified":"2025-08-05T12:28:48","modified_gmt":"2025-08-05T12:28:48","slug":"aldara","status":"publish","type":"product","link":"https:\/\/farmacialino.pt\/online\/product\/aldara\/","title":{"rendered":"Aldara"},"content":{"rendered":"<h3>Nome Gen\u00e9rico e Marca<\/h3>\n<p>Aldara \u00e9 o nome comercial da pomada cujo princ\u00edpio ativo \u00e9 o imiquimod. \u00c9 amplamente utilizado no tratamento de algumas condi\u00e7\u00f5es dermatol\u00f3gicas, incluindo verrugas genitais e perianais, queratoses act\u00ednicas e pequenos carcinomas basocelulares superficiais.<\/p>\n<h3>Formas de Apresenta\u00e7\u00e3o<\/h3>\n<p>Aldara est\u00e1 dispon\u00edvel em forma de creme, que \u00e9 aplicado diretamente na <a href=\"https:\/\/farmacialino.pt\/online\/product\/differin\/\" data-internallinksmanager029f6b8e52c=\"37\" title=\"Differin\">pele<\/a>. \u00c9 normalmente embalado em sach\u00eas descart\u00e1veis que cont\u00eam uma dose \u00fanica do medicamento, facilitando a aplica\u00e7\u00e3o correta e higi\u00eanica do produto.<\/p>\n<h3>Mecanismo de A\u00e7\u00e3o<\/h3>\n<p>O imiquimod atua como um modulador da resposta imunol\u00f3gica. Ao ser aplicado na pele, ajuda o corpo a produzir interferon e outras citocinas que s\u00e3o vitais para combater v\u00edrus e c\u00e9lulas cancerosas. Este mecanismo permite n\u00e3o apenas a elimina\u00e7\u00e3o de les\u00f5es, mas tamb\u00e9m uma redu\u00e7\u00e3o na probabilidade de recorr\u00eancia.<\/p>\n<h3>Indica\u00e7\u00f5es Aprovadas<\/h3>\n<p>Aldara \u00e9 usado no tratamento de verrugas genitais e perianais externas em adultos, queratose act\u00ednica de face e couro cabeludo em adultos com fun\u00e7\u00e3o imune normal, e carcinoma basocelular superficial em adultos, com o tratamento cir\u00fargico considerado menos apropriado e com uma limita\u00e7\u00e3o de tamanho de no m\u00e1ximo 2 cm.<\/p>\n<h3>Modo de Uso<\/h3>\n<p>O creme deve ser aplicado antes de dormir, sendo espalhado em uma camada fina sobre a \u00e1rea limpa e seca afetada e deixado sobre a pele por aproximadamente 8 horas. Ap\u00f3s este per\u00edodo, deve-se lavar a \u00e1rea com \u00e1gua e sab\u00e3o suave. A frequ\u00eancia de aplica\u00e7\u00e3o varia conforme a indica\u00e7\u00e3o, podendo ser de duas a cinco vezes por semana, e o tratamento pode se estender de 4 a16 semanas, conforme a resposta cl\u00ednica e orienta\u00e7\u00e3o m\u00e9dica.<\/p>\n<h3>Contraindica\u00e7\u00f5es<\/h3>\n<p>Aldara \u00e9 contraindicado para pessoas que possuem hipersensibilidade conhecida ao imiquimod ou a qualquer componente da f\u00f3rmula. Al\u00e9m disso, pacientes com problemas de imunodefici\u00eancia devem usar esse medicamento com cautela, sempre sob stricta supervis\u00e3o m\u00e9dica, devido ao mecanismo de a\u00e7\u00e3o que estimula o <a href=\"https:\/\/farmacialino.pt\/online\/product\/nicotinell\/\" data-internallinksmanager029f6b8e52c=\"66\" title=\"Nicotinell\">sistema<\/a> imunol\u00f3gico.<\/p>\n<h3>Poss\u00edveis Efeitos Colaterais<\/h3>\n<p>Os efeitos colaterais mais comuns incluem rea\u00e7\u00f5es locais na pele, como vermelhid\u00e3o, eros\u00e3o, edema e forma\u00e7\u00e3o de crosta. Podem ocorrer tamb\u00e9m sintomas sist\u00eamicos, como cansa\u00e7o e febre. Os sintomas geralmente s\u00e3o transit\u00f3rios e tendem a resolver ap\u00f3s o t\u00e9rmino do tratamento. Em casos de rea\u00e7\u00f5es mais severas, a interrup\u00e7\u00e3o do tratamento pode se fazer necess\u00e1ria.<\/p>\n<h3>Intera\u00e7\u00f5es Medicamentosas<\/h3>\n<p>N\u00e3o h\u00e1 relatos de intera\u00e7\u00f5es medicamentosas clinicamente significativas com o uso de Aldara. No entanto, \u00e9 importante informar o m\u00e9dico sobre todos os medicamentos que est\u00e1 tomando, incluindo fitoter\u00e1picos e suplementos, para evitar potenciais intera\u00e7\u00f5es ou contraindica\u00e7\u00f5es.<\/p>\n<h3>Orienta\u00e7\u00f5es Adicionais<\/h3>\n<p>Ao utilizar Aldara, os pacientes devem evitar ou proteger a \u00e1rea tratada da exposi\u00e7\u00e3o direta \u00e0 luz do sol ou a l\u00e2mpadas ultravioleta. \u00c9 recomend\u00e1vel o uso de roupas protetoras e aplica\u00e7\u00e3o de protetores solares. Al\u00e9m disso, n\u00e3o se deve cobrir a \u00e1rea tratada com curativos oclusivos, salvo orienta\u00e7\u00e3o m\u00e9dica espec\u00edfica.<\/p>\n<h3>Gravidez e Amamenta\u00e7\u00e3o<\/h3>\n<p>Deve-se ter cautela ao administrar Aldara em mulheres gr\u00e1vidas ou que estejam amamentando, pois estudos controlados em humanos s\u00e3o insuficientes para determinar o risco. Nesses casos, o uso do medicamento s\u00f3 deve ocorrer se o benef\u00edcio esperado justificar o risco potencial para o feto ou rec\u00e9m-nascido.<\/p>\n<h3>Monitoramento Cl\u00ednico<\/h3>\n<p>Durante o tratamento com Aldara, recomenda-se acompanhamento m\u00e9dico regular para avaliar a efic\u00e1cia e poss\u00edveis efeitos adversos do tratamento. Ajustes na dosagem ou descontinua\u00e7\u00e3o do tratamento podem ser necess\u00e1rios com base na resposta cl\u00ednica e nas condi\u00e7\u00f5es do paciente.<\/p>\n","protected":false},"excerpt":{"rendered":"<p>Aldara \u00e9 um medicamento cujo princ\u00edpio ativo \u00e9 o imiquimode. Tamb\u00e9m conhecido por nomes alternativos como Imiquad e Imiquimod, \u00e9 amplamente utilizado no tratamento de verrugas genitais e perianais. Al\u00e9m disso, Aldara \u00e9 usado para tratar algumas formas de queratose e certos tipos de c\u00e2ncer de pele superficial.<\/p>\n<h2>Pre\u00e7o do Aldara<\/h2>\n<p>O custo do Aldara varia de 22.72 \u20ac a 33.9 \u20ac por cremes. Dependendo do tamanho da embalagem e do n\u00famero de comprimidos contidos (1 ou 10 percent).<\/p>\n","protected":false},"featured_media":137,"comment_status":"open","ping_status":"closed","template":"","meta":{"site-sidebar-layout":"","site-content-layout":"","ast-site-content-layout":"","site-content-style":"","site-sidebar-style":"","ast-global-header-display":"","ast-banner-title-visibility":"","ast-main-header-display":"","ast-hfb-above-header-display":"","ast-hfb-below-header-display":"","ast-hfb-mobile-header-display":"","site-post-title":"","ast-breadcrumbs-content":"","ast-featured-img":"","footer-sml-layout":"","ast-disable-related-posts":"","theme-transparent-header-meta":"","adv-header-id-meta":"","stick-header-meta":"","header-above-stick-meta":"","header-main-stick-meta":"","header-below-stick-meta":"","astra-migrate-meta-layouts":"","ast-page-background-enabled":"default","ast-page-background-meta":{"desktop":{"background-color":"var(--ast-global-color-4)","background-image":"","background-repeat":"repeat","background-position":"center center","background-size":"auto","background-attachment":"scroll","background-type":"","background-media":"","overlay-type":"","overlay-color":"","overlay-opacity":"","overlay-gradient":""},"tablet":{"background-color":"","background-image":"","background-repeat":"repeat","background-position":"center center","background-size":"auto","background-attachment":"scroll","background-type":"","background-media":"","overlay-type":"","overlay-color":"","overlay-opacity":"","overlay-gradient":""},"mobile":{"background-color":"","background-image":"","background-repeat":"repeat","background-position":"center center","background-size":"auto","background-attachment":"scroll","background-type":"","background-media":"","overlay-type":"","overlay-color":"","overlay-opacity":"","overlay-gradient":""}},"ast-content-background-meta":{"desktop":{"background-color":"var(--ast-global-color-5)","background-image":"","background-repeat":"repeat","background-position":"center center","background-size":"auto","background-attachment":"scroll","background-type":"","background-media":"","overlay-type":"","overlay-color":"","overlay-opacity":"","overlay-gradient":""},"tablet":{"background-color":"var(--ast-global-color-5)","background-image":"","background-repeat":"repeat","background-position":"center center","background-size":"auto","background-attachment":"scroll","background-type":"","background-media":"","overlay-type":"","overlay-color":"","overlay-opacity":"","overlay-gradient":""},"mobile":{"background-color":"var(--ast-global-color-5)","background-image":"","background-repeat":"repeat","background-position":"center center","background-size":"auto","background-attachment":"scroll","background-type":"","background-media":"","overlay-type":"","overlay-color":"","overlay-opacity":"","overlay-gradient":""}}},"product_brand":[],"product_cat":[19],"product_tag":[],"class_list":{"0":"post-107","1":"product","2":"type-product","3":"status-publish","4":"has-post-thumbnail","6":"product_cat-cuidados-com-a-pele","7":"pa_ingrediente-ativo-imiquimod","8":"desktop-align-right","9":"tablet-align-left","10":"mobile-align-left","12":"first","13":"instock","14":"shipping-taxable","15":"product-type-external"},"_links":{"self":[{"href":"https:\/\/farmacialino.pt\/online\/wp-json\/wp\/v2\/product\/107","targetHints":{"allow":["GET"]}}],"collection":[{"href":"https:\/\/farmacialino.pt\/online\/wp-json\/wp\/v2\/product"}],"about":[{"href":"https:\/\/farmacialino.pt\/online\/wp-json\/wp\/v2\/types\/product"}],"replies":[{"embeddable":true,"href":"https:\/\/farmacialino.pt\/online\/wp-json\/wp\/v2\/comments?post=107"}],"wp:featuredmedia":[{"embeddable":true,"href":"https:\/\/farmacialino.pt\/online\/wp-json\/wp\/v2\/media\/137"}],"wp:attachment":[{"href":"https:\/\/farmacialino.pt\/online\/wp-json\/wp\/v2\/media?parent=107"}],"wp:term":[{"taxonomy":"product_brand","embeddable":true,"href":"https:\/\/farmacialino.pt\/online\/wp-json\/wp\/v2\/product_brand?post=107"},{"taxonomy":"product_cat","embeddable":true,"href":"https:\/\/farmacialino.pt\/online\/wp-json\/wp\/v2\/product_cat?post=107"},{"taxonomy":"product_tag","embeddable":true,"href":"https:\/\/farmacialino.pt\/online\/wp-json\/wp\/v2\/product_tag?post=107"}],"curies":[{"name":"wp","href":"https:\/\/api.w.org\/{rel}","templated":true}]}}