{"id":113,"date":"2025-07-14T12:11:00","date_gmt":"2025-07-14T12:11:00","guid":{"rendered":"https:\/\/farmacialino.pt\/online\/?post_type=product&#038;p=113"},"modified":"2025-08-05T12:28:48","modified_gmt":"2025-08-05T12:28:48","slug":"maxalt","status":"publish","type":"product","link":"https:\/\/farmacialino.pt\/online\/product\/maxalt\/","title":{"rendered":"Maxalt"},"content":{"rendered":"<h3>Informa\u00e7\u00f5es Gerais do Maxalt<\/h3>\n<p>Maxalt \u00e9 a marca comercial para o medicamento rizatriptano, que \u00e9 utilizado principalmente para tratar as crises de enxaqueca em adultos. O rizatriptano pertence \u00e0 classe dos medicamentos conhecidos como agonistas seletivos do receptor 5-HT1, que ajudam a aliviar a dor de cabe\u00e7a e outros sintomas associados a enxaquecas, como n\u00e1useas e sensibilidade \u00e0 luz e ao som. Este medicamento n\u00e3o serve para prevenir enxaquecas mas para tratar as crises de dor j\u00e1 existentes.<\/p>\n<h3>Apresenta\u00e7\u00f5es e Formas de Administra\u00e7\u00e3o<\/h3>\n<p>O Maxalt est\u00e1 dispon\u00edvel em duas formas: <a href=\"https:\/\/farmacialino.pt\/online\/product\/glucophage\/\" data-internallinksmanager029f6b8e52c=\"45\" title=\"Glucophage\">comprimidos<\/a> e liofilizado oral. Os comprimidos de Maxalt t\u00eam dosagens de 5 mg e 10 mg e devem ser tomados com \u00e1gua. J\u00e1 o Maxalt-Melt \u00e9 um liofilizado oral, tamb\u00e9m dispon\u00edvel nas dosagens de 5 mg e 10 mg, que dissolve rapidamente na boca, facilitando a ingest\u00e3o para aqueles que t\u00eam dificuldade em engolir comprimidos. Ambas as formas do medicamento devem ser administradas t\u00e3o logo os sintomas de enxaqueca comecem.<\/p>\n<h3>Modo de A\u00e7\u00e3o do Maxalt<\/h3>\n<p>O rizatriptano funciona estimulando os receptores 5-HT1B\/1D no c\u00e9rebro, que promovem a vasoconstri\u00e7\u00e3o dos vasos sangu\u00edneos dilatados ao redor do c\u00e9rebro, uma das causas associadas \u00e0 dor de enxaqueca. Al\u00e9m disso, o rizatriptano inibe a libera\u00e7\u00e3o de subst\u00e2ncias no c\u00e9rebro que podem causar inflama\u00e7\u00e3o e dor durante um ataque de enxaqueca, contribuindo para o al\u00edvio dos sintomas. A a\u00e7\u00e3o do medicamento inicia-se geralmente dentro de 30 minutos ap\u00f3s a administra\u00e7\u00e3o.<\/p>\n<h3>Farmacocin\u00e9tica de Maxalt<\/h3>\n<p>Ap\u00f3s a administra\u00e7\u00e3o oral, o rizatriptano \u00e9 rapidamente absorvido pelo corpo. O pico de concentra\u00e7\u00e3o plasm\u00e1tica \u00e9 atingido em aproximadamente 1-1,5 horas em caso dos comprimidos e mais rapidamente com o uso de liofilizado oral. A presen\u00e7a de alimentos no est\u00f4mago pode atrasar a velocidade de absor\u00e7\u00e3o, mas n\u00e3o afeta significativamente a quantidade de medicamento absorvido. O rizatriptano \u00e9 metabolizado principalmente pelo f\u00edgado e suas meias-vidas s\u00e3o de 2-3 horas; cerca de 14% da dose administrada \u00e9 excretada na urina como medicamento inalterado.<\/p>\n<h3>Indica\u00e7\u00f5es de Uso Espec\u00edficas<\/h3>\n<p>O Maxalt \u00e9 indicado para o tratamento de crises agudas de enxaqueca com ou sem aura. N\u00e3o \u00e9 indicado para o tratamento de outros tipos de dores de cabe\u00e7a ou para a preven\u00e7\u00e3o da enxaqueca. Devido \u00e0 sua natureza de aliviar sintomas espec\u00edficos de enxaqueca, o rizatriptano deve ser utilizado apenas quando um diagn\u00f3stico claro de enxaqueca for estabelecido por um profissional da sa\u00fade.<\/p>\n<h3>Instru\u00e7\u00f5es de Dosagem e Administra\u00e7\u00e3o<\/h3>\n<p>A dosagem recomendada de Maxalt para adultos \u00e9 de 10 mg, mas em alguns casos, uma dose inicial de 5 mg pode ser adequada, especialmente em pacientes com fatores de risco potenciais para efeitos adversos. Se a enxaqueca recorrer ap\u00f3s a dose inicial, uma segunda dose pode ser tomada, mas deve ser administrada com um intervalo m\u00ednimo de duas horas entre as doses. A dose m\u00e1xima recomendada de rizatriptano em um per\u00edodo de 24 horas \u00e9 de 30 mg.<\/p>\n<h3>Intera\u00e7\u00f5es Medicamentosas Importantes<\/h3>\n<p>O Maxalt pode interagir com outros medicamentos, incluindo inibidores da monoaminoxidase (IMAO), que podem aumentar significativamente os n\u00edveis de rizatriptano no sangue. A coadministra\u00e7\u00e3o com <a href=\"https:\/\/farmacialino.pt\/online\/product\/propranolol\/\" data-internallinksmanager029f6b8e52c=\"10\" title=\"Propranolol\">propranolol<\/a> tamb\u00e9m pode aumentar significativamente a concentra\u00e7\u00e3o plasm\u00e1tica do rizatriptano. Portanto, quando administrado concomitantemente com o propranolol, a dose de Maxalt deve ser limitada a um m\u00e1ximo de 5 mg por dose e 10 mg em um per\u00edodo de 24 horas. Al\u00e9m disso, o uso simult\u00e2neo de outros agonistas de receptores 5-HT1 pode aumentar o risco de efeitos colaterais s\u00e9rios, como hipertens\u00e3o arterial e s\u00edndrome <a href=\"https:\/\/farmacialino.pt\/online\/product\/fluoxetin\/\" data-internallinksmanager029f6b8e52c=\"12\" title=\"Fluoxetine\">serotonin<\/a>\u00e9rgica.<\/p>\n","protected":false},"excerpt":{"rendered":"<p>Maxalt \u00e9 um medicamento cujo princ\u00edpio ativo \u00e9 o rizatriptano. \u00c9 tamb\u00e9m conhecido por nomes alternativos como Maxalt-MLT. O Maxalt \u00e9 utilizado principalmente para tratar crises de enxaqueca, ajudando a aliviar as dores de cabe\u00e7a e outros sintomas associados a esta condi\u00e7\u00e3o.<\/p>\n<h2>Pre\u00e7o do Maxalt<\/h2>\n<p>O pre\u00e7o Maxalt \u00e9 aproximadamente 6.79 \u20ac &#8211; 10.96 \u20ac por p\u00edlulas. Dependendo do tamanho da embalagem e do n\u00famero de comprimidos contidos (4 ou 48 mg).<\/p>\n","protected":false},"featured_media":143,"comment_status":"open","ping_status":"closed","template":"","meta":{"site-sidebar-layout":"","site-content-layout":"","ast-site-content-layout":"","site-content-style":"","site-sidebar-style":"","ast-global-header-display":"","ast-banner-title-visibility":"","ast-main-header-display":"","ast-hfb-above-header-display":"","ast-hfb-below-header-display":"","ast-hfb-mobile-header-display":"","site-post-title":"","ast-breadcrumbs-content":"","ast-featured-img":"","footer-sml-layout":"","ast-disable-related-posts":"","theme-transparent-header-meta":"","adv-header-id-meta":"","stick-header-meta":"","header-above-stick-meta":"","header-main-stick-meta":"","header-below-stick-meta":"","astra-migrate-meta-layouts":"","ast-page-background-enabled":"default","ast-page-background-meta":{"desktop":{"background-color":"var(--ast-global-color-4)","background-image":"","background-repeat":"repeat","background-position":"center center","background-size":"auto","background-attachment":"scroll","background-type":"","background-media":"","overlay-type":"","overlay-color":"","overlay-opacity":"","overlay-gradient":""},"tablet":{"background-color":"","background-image":"","background-repeat":"repeat","background-position":"center center","background-size":"auto","background-attachment":"scroll","background-type":"","background-media":"","overlay-type":"","overlay-color":"","overlay-opacity":"","overlay-gradient":""},"mobile":{"background-color":"","background-image":"","background-repeat":"repeat","background-position":"center center","background-size":"auto","background-attachment":"scroll","background-type":"","background-media":"","overlay-type":"","overlay-color":"","overlay-opacity":"","overlay-gradient":""}},"ast-content-background-meta":{"desktop":{"background-color":"var(--ast-global-color-5)","background-image":"","background-repeat":"repeat","background-position":"center center","background-size":"auto","background-attachment":"scroll","background-type":"","background-media":"","overlay-type":"","overlay-color":"","overlay-opacity":"","overlay-gradient":""},"tablet":{"background-color":"var(--ast-global-color-5)","background-image":"","background-repeat":"repeat","background-position":"center center","background-size":"auto","background-attachment":"scroll","background-type":"","background-media":"","overlay-type":"","overlay-color":"","overlay-opacity":"","overlay-gradient":""},"mobile":{"background-color":"var(--ast-global-color-5)","background-image":"","background-repeat":"repeat","background-position":"center center","background-size":"auto","background-attachment":"scroll","background-type":"","background-media":"","overlay-type":"","overlay-color":"","overlay-opacity":"","overlay-gradient":""}}},"product_brand":[],"product_cat":[20],"product_tag":[],"class_list":{"0":"post-113","1":"product","2":"type-product","3":"status-publish","4":"has-post-thumbnail","6":"product_cat-alivio-da-dor","7":"pa_ingrediente-ativo-rizatriptan","8":"desktop-align-right","9":"tablet-align-left","10":"mobile-align-left","12":"first","13":"instock","14":"shipping-taxable","15":"product-type-external"},"_links":{"self":[{"href":"https:\/\/farmacialino.pt\/online\/wp-json\/wp\/v2\/product\/113","targetHints":{"allow":["GET"]}}],"collection":[{"href":"https:\/\/farmacialino.pt\/online\/wp-json\/wp\/v2\/product"}],"about":[{"href":"https:\/\/farmacialino.pt\/online\/wp-json\/wp\/v2\/types\/product"}],"replies":[{"embeddable":true,"href":"https:\/\/farmacialino.pt\/online\/wp-json\/wp\/v2\/comments?post=113"}],"wp:featuredmedia":[{"embeddable":true,"href":"https:\/\/farmacialino.pt\/online\/wp-json\/wp\/v2\/media\/143"}],"wp:attachment":[{"href":"https:\/\/farmacialino.pt\/online\/wp-json\/wp\/v2\/media?parent=113"}],"wp:term":[{"taxonomy":"product_brand","embeddable":true,"href":"https:\/\/farmacialino.pt\/online\/wp-json\/wp\/v2\/product_brand?post=113"},{"taxonomy":"product_cat","embeddable":true,"href":"https:\/\/farmacialino.pt\/online\/wp-json\/wp\/v2\/product_cat?post=113"},{"taxonomy":"product_tag","embeddable":true,"href":"https:\/\/farmacialino.pt\/online\/wp-json\/wp\/v2\/product_tag?post=113"}],"curies":[{"name":"wp","href":"https:\/\/api.w.org\/{rel}","templated":true}]}}