{"id":117,"date":"2025-07-12T23:55:15","date_gmt":"2025-07-12T23:55:15","guid":{"rendered":"https:\/\/farmacialino.pt\/online\/?post_type=product&#038;p=117"},"modified":"2025-08-05T12:28:48","modified_gmt":"2025-08-05T12:28:48","slug":"keppra","status":"publish","type":"product","link":"https:\/\/farmacialino.pt\/online\/product\/keppra\/","title":{"rendered":"Keppra"},"content":{"rendered":"<h3>Nome Comercial e Gen\u00e9rico<\/h3>\n<p>O medicamento \u00e9 comumente conhecido pelo seu nome comercial, Keppra, e o seu ingrediente activo \u00e9 o levetiracetam. Dispon\u00edvel em v\u00e1rias formas e dosagens, o Keppra \u00e9 utilizado principalmente no tratamento de crises epil\u00e9pticas.<\/p>\n<h3>Indica\u00e7\u00f5es Terap\u00eauticas<\/h3>\n<p>O Keppra \u00e9 indicado como terapia adjuvante no tratamento de convuls\u00f5es parciais, com ou sem generaliza\u00e7\u00e3o secund\u00e1ria, em adultos e crian\u00e7as a partir de um m\u00eas de idade. \u00c9 tamb\u00e9m indicado no tratamento de convuls\u00f5es miocl\u00f4nicas em pacientes a partir de 12 anos de idade com epilepsia juvenil miocl\u00f4nica. Adicionalmente, o Keppra \u00e9 usado para tratar crises t\u00f4nico-cl\u00f4nicas generalizadas em adultos e crian\u00e7as a partir de seis anos de idade com epilepsia idiop\u00e1tica generalizada.<\/p>\n<h3>Formas de Apresenta\u00e7\u00e3o<\/h3>\n<p>O Keppra est\u00e1 dispon\u00edvel em v\u00e1rias formas farmac\u00eauticas incluindo <a href=\"https:\/\/farmacialino.pt\/online\/product\/glucophage\/\" data-internallinksmanager029f6b8e52c=\"45\" title=\"Glucophage\">comprimidos<\/a>, solu\u00e7\u00e3o oral e solu\u00e7\u00e3o injet\u00e1vel. Os comprimidos de Keppra est\u00e3o dispon\u00edveis em dosagens de 250 mg, 500 mg, 750 mg e 1000 mg. A solu\u00e7\u00e3o oral \u00e9 oferecida em concentra\u00e7\u00e3o de 100 mg\/ml e a solu\u00e7\u00e3o para infus\u00e3o intravenosa est\u00e1 dispon\u00edvel na mesma concentra\u00e7\u00e3o, permitindo uma administra\u00e7\u00e3o flex\u00edvel conforme necess\u00e1rio pelo tratamento do paciente.<\/p>\n<h3>Mecanismo de A\u00e7\u00e3o<\/h3>\n<p>Levetiracetam, o princ\u00edpio ativo do Keppra, atua principalmente ligando-se a uma prote\u00edna no c\u00e9rebro conhecida como SV2A, que est\u00e1 envolvida na libera\u00e7\u00e3o de neurotransmissores. O exacto mecanismo de a\u00e7\u00e3o do levetiracetam ainda n\u00e3o \u00e9 completamente compreendido, mas acredita-se que este ligamento modula a atividade neuronal e impede a propaga\u00e7\u00e3o excessiva de sinais el\u00e9tricos no c\u00e9rebro que levam \u00e0 ocorr\u00eancia de convuls\u00f5es.<\/p>\n<h3>Administra\u00e7\u00e3o e Dosagem<\/h3>\n<p>A dosagem de Keppra varia de acordo com a idade, tipo de crise a ser tratada e resposta individual ao tratamento. Em adultos, a dose inicial usual para tratamento de convuls\u00f5es parciais \u00e9 de 500 mg duas vezes por dia, podendo ser aumentada para at\u00e9 1500 mg duas vezes por dia baseando-se na efic\u00e1cia e tolerabilidade do paciente. Para crian\u00e7as, a dose deve ser ajustada com base no peso corporal. O medicamento pode ser tomado com ou sem alimentos.<\/p>\n<h3>Intera\u00e7\u00f5es Medicamentosas Significativas<\/h3>\n<p>Keppra apresenta um perfil de baixa intera\u00e7\u00e3o medicamentosa. No entanto, \u00e9 importante destacar que o levetiracetam pode interagir de forma significativa com outros antiepil\u00e9pticos, modificando a sua concentra\u00e7\u00e3o plasm\u00e1tica. Intera\u00e7\u00f5es com f\u00e1rmacos como carbamazepina e fenito\u00edna podem requerer ajustes na dosagem. Deve-se ter cuidado ao administrar o Keppra com outros medicamentos depressores do <a href=\"https:\/\/farmacialino.pt\/online\/product\/nicotinell\/\" data-internallinksmanager029f6b8e52c=\"66\" title=\"Nicotinell\">sistema<\/a> nervoso central.<\/p>\n<h3>Efeitos Adversos Comuns<\/h3>\n<p>Os efeitos colaterais mais comuns associados ao uso de Keppra incluem sonol\u00eancia, fadiga, tontura e irritabilidade. Alguns pacientes podem tamb\u00e9m experimentar mais raros, como altera\u00e7\u00f5es comportamentais, altera\u00e7\u00f5es do humor, <a href=\"https:\/\/farmacialino.pt\/online\/product-category\/depressao\/\" data-internallinksmanager029f6b8e52c=\"25\" title=\"Depress\u00e3o\">depress\u00e3o<\/a>, ou mesmo sintomas psic\u00f3ticos. Dist\u00farbios gastrointestinais como n\u00e1usea e v\u00f4mito tamb\u00e9m podem ocorrer. A incid\u00eancia e gravidade dos efeitos colaterais podem variar de acordo com a dose e sensibilidade individual ao medicamento.<\/p>\n<h3>Ajuste de Dose em Condi\u00e7\u00f5es Espec\u00edficas<\/h3>\n<p>Nos pacientes com insufici\u00eancia renal, a dose de Keppra deve ser ajustada conforme o n\u00edvel de fun\u00e7\u00e3o renal. A depura\u00e7\u00e3o do levetiracetam est\u00e1 diretamente correlacionada com a fun\u00e7\u00e3o renal, o que significa que pacientes com insufici\u00eancia renal significativa podem requerer doses menores. N\u00e3o \u00e9 necess\u00e1rio ajustar a dose em pacientes com insufici\u00eancia hep\u00e1tica leve a moderada; contudo, em casos de insufici\u00eancia hep\u00e1tica grave, a dose deve ser cuidadosamente avaliada e ajustada.<\/p>\n<h3>Recomenda\u00e7\u00f5es de Armazenamento<\/h3>\n<p>O armazenamento de Keppra deve ser feito em um ambiente seco e \u00e0 temperatura ambiente, longe da luz direta e calor excessivo. As solu\u00e7\u00f5es orais e as solu\u00e7\u00f5es para infus\u00e3o devem ser mantidas na embalagem original e qualquer por\u00e7\u00e3o n\u00e3o utilizada deve ser descartada ap\u00f3s o per\u00edodo de validade. \u00c9 crucial manter o Keppra fora do alcance das crian\u00e7as para evitar ingest\u00e3o acidental.<\/p>\n<h3>Aspectos Farmacocin\u00e9ticos<\/h3>\n<p>O levetiracetam possui uma farmacocin\u00e9tica linear e previs\u00edvel. Ap\u00f3s a administra\u00e7\u00e3o oral, \u00e9 rapidamente absorvido, alcan\u00e7ando concentra\u00e7\u00f5es plasm\u00e1ticas m\u00e1ximas dentro de 1 a 2 horas. A sua meia-vida de elimina\u00e7\u00e3o \u00e9 de aproximadamente 7 horas em adultos saud\u00e1veis, permitindo a administra\u00e7\u00e3o duas vezes ao dia. O levetiracetam \u00e9 eliminado do corpo principalmente atrav\u00e9s da urina, em sua forma inalterada.<\/p>\n<h3>Considera\u00e7\u00f5es em Pediatria<\/h3>\n<p>Em pacientes pedi\u00e1tricos, a seguran\u00e7a e efic\u00e1cia do levetiracetam foram estabelecidas para crian\u00e7as de um m\u00eas de idade em diante. A dosagem em crian\u00e7as \u00e9 comumente baseada no peso corporal, o que requer uma aten\u00e7\u00e3o criteriosa para garantir a administra\u00e7\u00e3o da dose correta. Apesar de ter um perfil de seguran\u00e7a considerado bom para esta popula\u00e7\u00e3o, o monitoramento de efeitos colaterais comportamentais \u00e9 especialmente importante em crian\u00e7as e adolescentes.<\/p>\n<h3>Implica\u00e7\u00f5es na Gravidez e Lacta\u00e7\u00e3o<\/h3>\n<p>Durante a <a href=\"https:\/\/farmacialino.pt\/online\/product\/cytotec\/\" data-internallinksmanager029f6b8e52c=\"64\" title=\"Cytotec\">gravidez<\/a>, o uso de Keppra deve ser considerado apenas se o benef\u00edcio potencial justificar o risco potencial ao feto. Estudos em animais n\u00e3o indicaram efeitos teratog\u00eanicos diretos, mas ainda n\u00e3o h\u00e1 estudos controlados em mulheres gr\u00e1vidas. O levetiracetam \u00e9 excretado no leite materno, por isso, mulheres que amamentam precisam considerar os riscos e benef\u00edcios de continuar a terapia durante o per\u00edodo de lacta\u00e7\u00e3o.<\/p>\n","protected":false},"excerpt":{"rendered":"<p>Keppra \u00e9 um medicamento cujo princ\u00edpio ativo \u00e9 a levetiracetam. Tamb\u00e9m conhecido pelos nomes comerciais como Levetiracetam, \u00e9 utilizado principalmente para controlar e prevenir convuls\u00f5es em pessoas com epilepsia.<\/p>\n<h2>Pre\u00e7o do Keppra<\/h2>\n<p>O pre\u00e7o Keppra \u00e9 aproximadamente 1.68 \u20ac &#8211; 4.31 \u20ac por p\u00edlulas. Dependendo do tamanho da embalagem e do n\u00famero de comprimidos contidos (30 ou 270 comprimidos).<\/p>\n","protected":false},"featured_media":145,"comment_status":"open","ping_status":"closed","template":"","meta":{"site-sidebar-layout":"","site-content-layout":"","ast-site-content-layout":"","site-content-style":"","site-sidebar-style":"","ast-global-header-display":"","ast-banner-title-visibility":"","ast-main-header-display":"","ast-hfb-above-header-display":"","ast-hfb-below-header-display":"","ast-hfb-mobile-header-display":"","site-post-title":"","ast-breadcrumbs-content":"","ast-featured-img":"","footer-sml-layout":"","ast-disable-related-posts":"","theme-transparent-header-meta":"","adv-header-id-meta":"","stick-header-meta":"","header-above-stick-meta":"","header-main-stick-meta":"","header-below-stick-meta":"","astra-migrate-meta-layouts":"","ast-page-background-enabled":"default","ast-page-background-meta":{"desktop":{"background-color":"var(--ast-global-color-4)","background-image":"","background-repeat":"repeat","background-position":"center center","background-size":"auto","background-attachment":"scroll","background-type":"","background-media":"","overlay-type":"","overlay-color":"","overlay-opacity":"","overlay-gradient":""},"tablet":{"background-color":"","background-image":"","background-repeat":"repeat","background-position":"center center","background-size":"auto","background-attachment":"scroll","background-type":"","background-media":"","overlay-type":"","overlay-color":"","overlay-opacity":"","overlay-gradient":""},"mobile":{"background-color":"","background-image":"","background-repeat":"repeat","background-position":"center center","background-size":"auto","background-attachment":"scroll","background-type":"","background-media":"","overlay-type":"","overlay-color":"","overlay-opacity":"","overlay-gradient":""}},"ast-content-background-meta":{"desktop":{"background-color":"var(--ast-global-color-5)","background-image":"","background-repeat":"repeat","background-position":"center center","background-size":"auto","background-attachment":"scroll","background-type":"","background-media":"","overlay-type":"","overlay-color":"","overlay-opacity":"","overlay-gradient":""},"tablet":{"background-color":"var(--ast-global-color-5)","background-image":"","background-repeat":"repeat","background-position":"center center","background-size":"auto","background-attachment":"scroll","background-type":"","background-media":"","overlay-type":"","overlay-color":"","overlay-opacity":"","overlay-gradient":""},"mobile":{"background-color":"var(--ast-global-color-5)","background-image":"","background-repeat":"repeat","background-position":"center center","background-size":"auto","background-attachment":"scroll","background-type":"","background-media":"","overlay-type":"","overlay-color":"","overlay-opacity":"","overlay-gradient":""}}},"product_brand":[],"product_cat":[21],"product_tag":[],"class_list":{"0":"post-117","1":"product","2":"type-product","3":"status-publish","4":"has-post-thumbnail","6":"product_cat-outro","7":"pa_ingrediente-ativo-levetiracetam","8":"desktop-align-right","9":"tablet-align-left","10":"mobile-align-left","12":"first","13":"instock","14":"shipping-taxable","15":"product-type-external"},"_links":{"self":[{"href":"https:\/\/farmacialino.pt\/online\/wp-json\/wp\/v2\/product\/117","targetHints":{"allow":["GET"]}}],"collection":[{"href":"https:\/\/farmacialino.pt\/online\/wp-json\/wp\/v2\/product"}],"about":[{"href":"https:\/\/farmacialino.pt\/online\/wp-json\/wp\/v2\/types\/product"}],"replies":[{"embeddable":true,"href":"https:\/\/farmacialino.pt\/online\/wp-json\/wp\/v2\/comments?post=117"}],"wp:featuredmedia":[{"embeddable":true,"href":"https:\/\/farmacialino.pt\/online\/wp-json\/wp\/v2\/media\/145"}],"wp:attachment":[{"href":"https:\/\/farmacialino.pt\/online\/wp-json\/wp\/v2\/media?parent=117"}],"wp:term":[{"taxonomy":"product_brand","embeddable":true,"href":"https:\/\/farmacialino.pt\/online\/wp-json\/wp\/v2\/product_brand?post=117"},{"taxonomy":"product_cat","embeddable":true,"href":"https:\/\/farmacialino.pt\/online\/wp-json\/wp\/v2\/product_cat?post=117"},{"taxonomy":"product_tag","embeddable":true,"href":"https:\/\/farmacialino.pt\/online\/wp-json\/wp\/v2\/product_tag?post=117"}],"curies":[{"name":"wp","href":"https:\/\/api.w.org\/{rel}","templated":true}]}}