{"id":165,"date":"2025-07-26T08:21:24","date_gmt":"2025-07-26T08:21:24","guid":{"rendered":"https:\/\/farmacialino.pt\/online\/?post_type=product&#038;p=165"},"modified":"2025-08-05T12:28:51","modified_gmt":"2025-08-05T12:28:51","slug":"lithium","status":"publish","type":"product","link":"https:\/\/farmacialino.pt\/online\/product\/lithium\/","title":{"rendered":"Lithium"},"content":{"rendered":"<h3>Identifica\u00e7\u00e3o do Medicamento<\/h3>\n<p>O l\u00edtio \u00e9 um medicamento utilizado principalmente no tratamento e preven\u00e7\u00e3o da mania e <a href=\"https:\/\/farmacialino.pt\/online\/product-category\/depressao\/\" data-internallinksmanager029f6b8e52c=\"25\" title=\"Depress\u00e3o\">depress\u00e3o<\/a> em pacientes com transtorno <a href=\"https:\/\/farmacialino.pt\/online\/product\/seroquel\/\" data-internallinksmanager029f6b8e52c=\"48\" title=\"Seroquel\">bipolar<\/a>. Este medicamento \u00e9 classificado como um estabilizador de humor, agindo para equilibrar as flutua\u00e7\u00f5es extremas de humor associadas a esta condi\u00e7\u00e3o.<\/p>\n<h3>Formas de Apresenta\u00e7\u00e3o<\/h3>\n<p>L\u00edtio est\u00e1 dispon\u00edvel em v\u00e1rias formas, incluindo c\u00e1psulas, <a href=\"https:\/\/farmacialino.pt\/online\/product\/glucophage\/\" data-internallinksmanager029f6b8e52c=\"45\" title=\"Glucophage\">comprimidos<\/a> e solu\u00e7\u00e3o oral. As doses e a forma de apresenta\u00e7\u00e3o podem variar, sendo essencial a prescri\u00e7\u00e3o m\u00e9dica para determinar o tipo mais apropriado e a dosagem adequada para cada caso espec\u00edfico.<\/p>\n<h3>Mecanismo de A\u00e7\u00e3o<\/h3>\n<p>O mecanismo exato atrav\u00e9s do qual o l\u00edtio atua como estabilizador do humor n\u00e3o \u00e9 completamente entendido. No entanto, acredita-se que ele modifica a transmiss\u00e3o dos impulsos nervosos no c\u00e9rebro atrav\u00e9s da interfer\u00eancia em vias de segundos mensageiros celulares. Esta a\u00e7\u00e3o ajuda a estabilizar atividades cerebrais extremas, contribuindo para a redu\u00e7\u00e3o da incid\u00eancia de epis\u00f3dios man\u00edacos e depressivos.<\/p>\n<h3>Indica\u00e7\u00f5es Terap\u00eauticas<\/h3>\n<p>O l\u00edtio \u00e9 indicado principalmente para o tratamento de transtorno bipolar, especialmente para a manuten\u00e7\u00e3o do humor e preven\u00e7\u00e3o de novos epis\u00f3dios de mania ou depress\u00e3o. Al\u00e9m disso, pode ser utilizado em alguns casos para tratar ou prevenir epis\u00f3dios de agressividade, ou em pacientes com certas formas de depress\u00e3o resistente a outros tratamentos.<\/p>\n<h3>Contraindica\u00e7\u00f5es<\/h3>\n<p>Este medicamento \u00e9 contraindicado em pacientes com insufici\u00eancia renal significativa, doen\u00e7a cardiovascular severa, condi\u00e7\u00f5es de desidrata\u00e7\u00e3o ou s\u00f3dio reduzido (hiponatremia), e em pacientes em tratamento com diur\u00e9ticos que reduzem os n\u00edveis de s\u00f3dio. Deve-se evitar o uso de l\u00edtio em pacientes gr\u00e1vidas ou amamentando, a menos que o benef\u00edcio supere claramente os riscos, devido aos efeitos potenciais no desenvolvimento fetal.<\/p>\n<h3>Intera\u00e7\u00f5es Medicamentosas<\/h3>\n<p>O l\u00edtio pode interagir com uma variedade de medicamentos e subst\u00e2ncias, incluindo diur\u00e9ticos, anti-inflamat\u00f3rios n\u00e3o esteroides (AINEs), e medicamentos para a press\u00e3o arterial, como os inibidores da ECA. Tais intera\u00e7\u00f5es podem aumentar a concentra\u00e7\u00e3o do l\u00edtio no sangue at\u00e9 n\u00edveis t\u00f3xicos ou atenuar sua efic\u00e1cia, o que necessita de monitoramento rigoroso e potencial ajuste de dosagem.<\/p>\n<h3>Efeitos Adversos Comuns<\/h3>\n<p>Os efeitos colaterais mais comuns associados ao uso do l\u00edtio incluem tremores, aumento da sede, mic\u00e7\u00e3o frequente, e ganho de peso. Altera\u00e7\u00f5es gastrointestinais, como n\u00e1useas e diarreia, tamb\u00e9m s\u00e3o relatadas. \u00c9 fundamental monitorar estes efeitos para ajustar a dosagem ou considerar alternativas terap\u00eauticas caso eles se tornem significativos.<\/p>\n<h3>Monitoramento Terap\u00eautico<\/h3>\n<p>Devido \u00e0 estreita margem terap\u00eautica do l\u00edtio, \u00e9 fundamental realizar o monitoramento regular dos n\u00edveis do medicamento no sangue. Estes n\u00edveis devem ser checados pouco ap\u00f3s o in\u00edcio da administra\u00e7\u00e3o do medicamento, ap\u00f3s qualquer altera\u00e7\u00e3o de dosagem, e periodicamente durante o tratamento. Monitorar a fun\u00e7\u00e3o renal e tir\u00f3ide tamb\u00e9m \u00e9 essencial, pois o l\u00edtio pode afetar negativamente estes \u00f3rg\u00e3os.<\/p>\n<h3>Ajustes de Dosagem<\/h3>\n<p>\u00c9 frequente a necessidade de ajustes nas dosagens de l\u00edtio, seja devido a mudan\u00e7as na resposta do paciente, intera\u00e7\u00f5es medicamentosas ou o surgimento de efeitos colaterais. Ajustes tamb\u00e9m devem ser considerados em situa\u00e7\u00f5es de altera\u00e7\u00e3o do estado cl\u00ednico como altera\u00e7\u00f5es na fun\u00e7\u00e3o renal, mudan\u00e7as significativas no peso corporal ou altera\u00e7\u00f5es na dieta, especialmente a ingest\u00e3o de s\u00f3dio.<\/p>\n<h3>Administra\u00e7\u00e3o e Armazenamento<\/h3>\n<p>O l\u00edtio deve ser administrado conforme prescrito, com a dosagem e hor\u00e1rio espec\u00edficos recomendados pelo m\u00e9dico. \u00c9 importante armazenar o medicamento em local seco e na temperatura ambiente, evitando lugares \u00famidos ou com exposi\u00e7\u00e3o direta ao sol, para manter sua efic\u00e1cia e qualidade.<\/p>\n<h3>Precau\u00e7\u00f5es Especiais<\/h3>\n<p>Antes de iniciar o tratamento com l\u00edtio, \u00e9 importante realizar avalia\u00e7\u00f5es m\u00e9dicas completas, incluindo exames para verificar a fun\u00e7\u00e3o renal, card\u00edaca e tir\u00f3ide. Pacientes devem ser aconselhados a manter uma hidrata\u00e7\u00e3o adequada e uma dieta equilibrada em s\u00f3dio, para evitar desequil\u00edbrios que possam alterar os n\u00edveis sangu\u00edneos do medicamento. A aten\u00e7\u00e3o deve ser redobrada em situa\u00e7\u00f5es de interven\u00e7\u00f5es cir\u00fargicas ou outros tratamentos m\u00e9dicos emergenciais.<\/p>\n","protected":false},"excerpt":{"rendered":"<p>L\u00edtio \u00e9 o ingrediente ativo do medicamento, muitas vezes referido como carbonato de l\u00edtio ou simplesmente l\u00edtio. \u00c9 comumente usado no tratamento de transtornos de humor, incluindo o transtorno bipolar, ajudando a estabilizar as varia\u00e7\u00f5es extremas de humor.<\/p>\n<h2>Pre\u00e7o do L\u00edtio<\/h2>\n<p>Lithium custa entre 0.25 \u20ac e 0.54 \u20ac por p\u00edlulas. Depende do tamanho da embalagem e da quantidade de ingrediente ativo (90 ou 360 comprimidos).<\/p>\n","protected":false},"featured_media":195,"comment_status":"open","ping_status":"closed","template":"","meta":{"site-sidebar-layout":"","site-content-layout":"","ast-site-content-layout":"","site-content-style":"","site-sidebar-style":"","ast-global-header-display":"","ast-banner-title-visibility":"","ast-main-header-display":"","ast-hfb-above-header-display":"","ast-hfb-below-header-display":"","ast-hfb-mobile-header-display":"","site-post-title":"","ast-breadcrumbs-content":"","ast-featured-img":"","footer-sml-layout":"","ast-disable-related-posts":"","theme-transparent-header-meta":"","adv-header-id-meta":"","stick-header-meta":"","header-above-stick-meta":"","header-main-stick-meta":"","header-below-stick-meta":"","astra-migrate-meta-layouts":"","ast-page-background-enabled":"default","ast-page-background-meta":{"desktop":{"background-color":"var(--ast-global-color-4)","background-image":"","background-repeat":"repeat","background-position":"center center","background-size":"auto","background-attachment":"scroll","background-type":"","background-media":"","overlay-type":"","overlay-color":"","overlay-opacity":"","overlay-gradient":""},"tablet":{"background-color":"","background-image":"","background-repeat":"repeat","background-position":"center center","background-size":"auto","background-attachment":"scroll","background-type":"","background-media":"","overlay-type":"","overlay-color":"","overlay-opacity":"","overlay-gradient":""},"mobile":{"background-color":"","background-image":"","background-repeat":"repeat","background-position":"center center","background-size":"auto","background-attachment":"scroll","background-type":"","background-media":"","overlay-type":"","overlay-color":"","overlay-opacity":"","overlay-gradient":""}},"ast-content-background-meta":{"desktop":{"background-color":"var(--ast-global-color-5)","background-image":"","background-repeat":"repeat","background-position":"center center","background-size":"auto","background-attachment":"scroll","background-type":"","background-media":"","overlay-type":"","overlay-color":"","overlay-opacity":"","overlay-gradient":""},"tablet":{"background-color":"var(--ast-global-color-5)","background-image":"","background-repeat":"repeat","background-position":"center center","background-size":"auto","background-attachment":"scroll","background-type":"","background-media":"","overlay-type":"","overlay-color":"","overlay-opacity":"","overlay-gradient":""},"mobile":{"background-color":"var(--ast-global-color-5)","background-image":"","background-repeat":"repeat","background-position":"center center","background-size":"auto","background-attachment":"scroll","background-type":"","background-media":"","overlay-type":"","overlay-color":"","overlay-opacity":"","overlay-gradient":""}}},"product_brand":[],"product_cat":[26],"product_tag":[],"class_list":{"0":"post-165","1":"product","2":"type-product","3":"status-publish","4":"has-post-thumbnail","6":"product_cat-depressao","7":"desktop-align-right","8":"tablet-align-left","9":"mobile-align-left","11":"first","12":"instock","13":"shipping-taxable","14":"product-type-external"},"_links":{"self":[{"href":"https:\/\/farmacialino.pt\/online\/wp-json\/wp\/v2\/product\/165","targetHints":{"allow":["GET"]}}],"collection":[{"href":"https:\/\/farmacialino.pt\/online\/wp-json\/wp\/v2\/product"}],"about":[{"href":"https:\/\/farmacialino.pt\/online\/wp-json\/wp\/v2\/types\/product"}],"replies":[{"embeddable":true,"href":"https:\/\/farmacialino.pt\/online\/wp-json\/wp\/v2\/comments?post=165"}],"wp:featuredmedia":[{"embeddable":true,"href":"https:\/\/farmacialino.pt\/online\/wp-json\/wp\/v2\/media\/195"}],"wp:attachment":[{"href":"https:\/\/farmacialino.pt\/online\/wp-json\/wp\/v2\/media?parent=165"}],"wp:term":[{"taxonomy":"product_brand","embeddable":true,"href":"https:\/\/farmacialino.pt\/online\/wp-json\/wp\/v2\/product_brand?post=165"},{"taxonomy":"product_cat","embeddable":true,"href":"https:\/\/farmacialino.pt\/online\/wp-json\/wp\/v2\/product_cat?post=165"},{"taxonomy":"product_tag","embeddable":true,"href":"https:\/\/farmacialino.pt\/online\/wp-json\/wp\/v2\/product_tag?post=165"}],"curies":[{"name":"wp","href":"https:\/\/api.w.org\/{rel}","templated":true}]}}