{"id":169,"date":"2025-07-08T07:19:29","date_gmt":"2025-07-08T07:19:29","guid":{"rendered":"https:\/\/farmacialino.pt\/online\/?post_type=product&#038;p=169"},"modified":"2025-08-05T12:28:51","modified_gmt":"2025-08-05T12:28:51","slug":"moduretic","status":"publish","type":"product","link":"https:\/\/farmacialino.pt\/online\/product\/moduretic\/","title":{"rendered":"Moduretic"},"content":{"rendered":"<h3>Descri\u00e7\u00e3o Geral do Moduretic<\/h3>\n<p>O Moduretic \u00e9 uma combina\u00e7\u00e3o de medicamentos que inclui a amilorida e o hidroclorotiazida. Esta combina\u00e7\u00e3o \u00e9 utilizada principalmente para tratar a hipertens\u00e3o arterial e ajudar a reduzir o incha\u00e7o que \u00e9 causado pelo excesso de \u00e1gua no corpo (edema), frequentemente associado a condi\u00e7\u00f5es como insufici\u00eancia card\u00edaca e doen\u00e7a renal cr\u00f4nica. A amilorida funciona reduzindo a quantidade de pot\u00e1ssio perdida na urina, enquanto a hidroclorotiazida promove a remo\u00e7\u00e3o de l\u00edquidos do corpo ao aumentar a produ\u00e7\u00e3o de urina.<\/p>\n<h3>Indica\u00e7\u00f5es Terap\u00eauticas Espec\u00edficas<\/h3>\n<p>Moduretic \u00e9 prescrito para o tratamento de pacientes com hipertens\u00e3o arterial que requerem terapia diur\u00e9tica. \u00c9 especialmente \u00fatil em casos onde se deseja evitar a deple\u00e7\u00e3o de pot\u00e1ssio, um efeito colateral comum de muitos diur\u00e9ticos. Al\u00e9m disso, \u00e9 indicado para o tratamento de pacientes com edema associado a insufici\u00eancia card\u00edaca congestiva, cirrose hep\u00e1tica e terapia com corticosteroides ou estrog\u00eanio.<\/p>\n<h3>Composi\u00e7\u00e3o e Formas de Apresenta\u00e7\u00e3o<\/h3>\n<p>O medicamento Moduretic \u00e9 composto por 5 mg de amilorida cloridrato e 50 mg de hidroclorotiazida por <a href=\"https:\/\/farmacialino.pt\/online\/product\/cytotec\/\" data-internallinksmanager029f6b8e52c=\"64\" title=\"Cytotec\">comprimido<\/a>. Est\u00e1 dispon\u00edvel geralmente em embalagens com <a href=\"https:\/\/farmacialino.pt\/online\/product\/glucophage\/\" data-internallinksmanager029f6b8e52c=\"45\" title=\"Glucophage\">comprimidos<\/a> que devem ser administrados oralmente. As caracter\u00edsticas f\u00edsicas dos comprimidos incluem uma forma oblonga e uma colora\u00e7\u00e3o que pode variar de branco a quase branco.<\/p>\n<h3>Modo de A\u00e7\u00e3o dos Componentes<\/h3>\n<p>A amilorida, um componente de Moduretic, atua como um diur\u00e9tico poupador de pot\u00e1ssio, ajudando a reter pot\u00e1ssio enquanto excreta s\u00f3dio e \u00e1gua. Age diretamente nos t\u00fabulos renais, alterando o transporte de s\u00f3dio nas c\u00e9lulas do rim. Por outro lado, a hidroclorotiazida \u00e9 um diur\u00e9tico tiaz\u00eddico que aumenta a excre\u00e7\u00e3o de s\u00f3dio, cloreto e \u00e1gua, mas pode aumentar a excre\u00e7\u00e3o de pot\u00e1ssio, efic\u00e1cia complementada pela a\u00e7\u00e3o da amilorida.<\/p>\n<h3>Considera\u00e7\u00f5es Sobre a Administra\u00e7\u00e3o<\/h3>\n<p>Moduretic deve ser administrado uma vez ao dia, preferencialmente pela manh\u00e3 para evitar interrup\u00e7\u00f5es do sono devido ao aumento da diurese. Pode ser tomado com ou sem alimentos. No caso de uma dose esquecida, deve-se tomar assim que poss\u00edvel, a menos que esteja pr\u00f3ximo do hor\u00e1rio da pr\u00f3xima dose. Neste caso, a dose esquecida deve ser omitida e o esquema posol\u00f3gico regular retomado. Nunca se deve dobrar a dose para compensar a dose esquecida.<\/p>\n<h3>Intera\u00e7\u00f5es Medicamentosas Relevantes<\/h3>\n<p>Moduretic pode interagir com outros medicamentos, o que pode alterar sua efic\u00e1cia ou aumentar o risco de efeitos adversos. Por exemplo, a intera\u00e7\u00e3o com suplementos de pot\u00e1ssio ou substitutos do sal que cont\u00eam pot\u00e1ssio pode levar a altos n\u00edveis s\u00e9ricos deste mineral, o que \u00e9 potencialmente perigoso. Adicionalmente, a utiliza\u00e7\u00e3o conjunta com medicamentos anti-inflamat\u00f3rios n\u00e3o esteroidais (AINEs) pode reduzir a efic\u00e1cia diur\u00e9tica da hidroclorotiazida.<\/p>\n<h3>Efeitos Adversos Poss\u00edveis<\/h3>\n<p>Como qualquer medicamento, Moduretic pode provocar efeitos colaterais, embora nem todos os pacientes os experienciem. Os efeitos mais comuns incluem desequil\u00edbrios eletrol\u00edticos como hiponatremia e hipercalemia, leves dist\u00farbios gastrointestinais como n\u00e1useas e v\u00f4mitos, e tonturas. Em casos raros, pode ocorrer hipotens\u00e3o, especialmente ap\u00f3s a primeira dose.<\/p>\n<h3>Precau\u00e7\u00f5es Espec\u00edficas no Uso<\/h3>\n<p>Antes de iniciar o tratamento com Moduretic, \u00e9 crucial realizar exames a fim de avaliar a fun\u00e7\u00e3o renal, os n\u00edveis de eletr\u00f3litos e a presen\u00e7a de condi\u00e7\u00f5es que contraindicam o uso de diur\u00e9ticos, como renal grave ou hipersensibilidade aos componentes do medicamento. Durante o tratamento, monitoriza\u00e7\u00e3o peri\u00f3dica dos n\u00edveis de eletr\u00f3litos e fun\u00e7\u00e3o renal tamb\u00e9m \u00e9 recomendada, especialmente em pacientes idosos ou aqueles que apresentam condi\u00e7\u00f5es debilitantes.<\/p>\n","protected":false},"excerpt":{"rendered":"<p>Moduretic \u00e9 um medicamento que cont\u00e9m dois princ\u00edpios ativos: hidroclorotiazida e amilorida. \u00c9 tamb\u00e9m conhecido por alguns nomes alternativos como Amilorida HCTZ. Moduretic \u00e9 utilizado principalmente para tratar a hipertens\u00e3o (press\u00e3o alta) e para auxiliar na redu\u00e7\u00e3o do incha\u00e7o causado pela reten\u00e7\u00e3o de l\u00edquidos.<\/p>\n<h2>Pre\u00e7o do Moduretic<\/h2>\n<p>O pre\u00e7o Moduretic \u00e9 aproximadamente 0.67 \u20ac &#8211; 0.94 \u20ac por p\u00edlulas. Depende do tamanho da embalagem e da quantidade de ingrediente ativo (60 ou 360 comprimidos).<\/p>\n","protected":false},"featured_media":199,"comment_status":"open","ping_status":"closed","template":"","meta":{"site-sidebar-layout":"","site-content-layout":"","ast-site-content-layout":"","site-content-style":"","site-sidebar-style":"","ast-global-header-display":"","ast-banner-title-visibility":"","ast-main-header-display":"","ast-hfb-above-header-display":"","ast-hfb-below-header-display":"","ast-hfb-mobile-header-display":"","site-post-title":"","ast-breadcrumbs-content":"","ast-featured-img":"","footer-sml-layout":"","ast-disable-related-posts":"","theme-transparent-header-meta":"","adv-header-id-meta":"","stick-header-meta":"","header-above-stick-meta":"","header-main-stick-meta":"","header-below-stick-meta":"","astra-migrate-meta-layouts":"","ast-page-background-enabled":"default","ast-page-background-meta":{"desktop":{"background-color":"var(--ast-global-color-4)","background-image":"","background-repeat":"repeat","background-position":"center center","background-size":"auto","background-attachment":"scroll","background-type":"","background-media":"","overlay-type":"","overlay-color":"","overlay-opacity":"","overlay-gradient":""},"tablet":{"background-color":"","background-image":"","background-repeat":"repeat","background-position":"center center","background-size":"auto","background-attachment":"scroll","background-type":"","background-media":"","overlay-type":"","overlay-color":"","overlay-opacity":"","overlay-gradient":""},"mobile":{"background-color":"","background-image":"","background-repeat":"repeat","background-position":"center center","background-size":"auto","background-attachment":"scroll","background-type":"","background-media":"","overlay-type":"","overlay-color":"","overlay-opacity":"","overlay-gradient":""}},"ast-content-background-meta":{"desktop":{"background-color":"var(--ast-global-color-5)","background-image":"","background-repeat":"repeat","background-position":"center center","background-size":"auto","background-attachment":"scroll","background-type":"","background-media":"","overlay-type":"","overlay-color":"","overlay-opacity":"","overlay-gradient":""},"tablet":{"background-color":"var(--ast-global-color-5)","background-image":"","background-repeat":"repeat","background-position":"center center","background-size":"auto","background-attachment":"scroll","background-type":"","background-media":"","overlay-type":"","overlay-color":"","overlay-opacity":"","overlay-gradient":""},"mobile":{"background-color":"var(--ast-global-color-5)","background-image":"","background-repeat":"repeat","background-position":"center center","background-size":"auto","background-attachment":"scroll","background-type":"","background-media":"","overlay-type":"","overlay-color":"","overlay-opacity":"","overlay-gradient":""}}},"product_brand":[],"product_cat":[28],"product_tag":[],"class_list":{"0":"post-169","1":"product","2":"type-product","3":"status-publish","4":"has-post-thumbnail","6":"product_cat-pressao-arterial","7":"pa_ingrediente-ativo-hydrochlorothiazide","8":"desktop-align-right","9":"tablet-align-left","10":"mobile-align-left","12":"first","13":"instock","14":"shipping-taxable","15":"product-type-external"},"_links":{"self":[{"href":"https:\/\/farmacialino.pt\/online\/wp-json\/wp\/v2\/product\/169","targetHints":{"allow":["GET"]}}],"collection":[{"href":"https:\/\/farmacialino.pt\/online\/wp-json\/wp\/v2\/product"}],"about":[{"href":"https:\/\/farmacialino.pt\/online\/wp-json\/wp\/v2\/types\/product"}],"replies":[{"embeddable":true,"href":"https:\/\/farmacialino.pt\/online\/wp-json\/wp\/v2\/comments?post=169"}],"wp:featuredmedia":[{"embeddable":true,"href":"https:\/\/farmacialino.pt\/online\/wp-json\/wp\/v2\/media\/199"}],"wp:attachment":[{"href":"https:\/\/farmacialino.pt\/online\/wp-json\/wp\/v2\/media?parent=169"}],"wp:term":[{"taxonomy":"product_brand","embeddable":true,"href":"https:\/\/farmacialino.pt\/online\/wp-json\/wp\/v2\/product_brand?post=169"},{"taxonomy":"product_cat","embeddable":true,"href":"https:\/\/farmacialino.pt\/online\/wp-json\/wp\/v2\/product_cat?post=169"},{"taxonomy":"product_tag","embeddable":true,"href":"https:\/\/farmacialino.pt\/online\/wp-json\/wp\/v2\/product_tag?post=169"}],"curies":[{"name":"wp","href":"https:\/\/api.w.org\/{rel}","templated":true}]}}