{"id":179,"date":"2025-07-11T15:43:31","date_gmt":"2025-07-11T15:43:31","guid":{"rendered":"https:\/\/farmacialino.pt\/online\/?post_type=product&#038;p=179"},"modified":"2025-08-05T12:28:52","modified_gmt":"2025-08-05T12:28:52","slug":"lexapro","status":"publish","type":"product","link":"https:\/\/farmacialino.pt\/online\/product\/lexapro\/","title":{"rendered":"Lexapro"},"content":{"rendered":"<h3>Nome Comercial e Gen\u00e9rico<\/h3>\n<p>O nome comercial de refer\u00eancia deste medicamento \u00e9 Lexapro, enquanto o nome gen\u00e9rico \u00e9 escitalopram. O escitalopram pertence \u00e0 classe de medicamentos conhecidos como inibidores seletivos da recapta\u00e7\u00e3o de <a href=\"https:\/\/farmacialino.pt\/online\/product\/fluoxetin\/\" data-internallinksmanager029f6b8e52c=\"12\" title=\"Fluoxetine\">serotonin<\/a>a (ISRS), utilizados principalmente no tratamento de <a href=\"https:\/\/farmacialino.pt\/online\/product-category\/depressao\/\" data-internallinksmanager029f6b8e52c=\"25\" title=\"Depress\u00e3o\">depress\u00e3o<\/a> maior e transtornos de ansiedade generalizada em adultos.<\/p>\n<h3>Formas de Apresenta\u00e7\u00e3o<\/h3>\n<p>Lexapro \u00e9 apresentado em duas formas principais: <a href=\"https:\/\/farmacialino.pt\/online\/product\/glucophage\/\" data-internallinksmanager029f6b8e52c=\"45\" title=\"Glucophage\">comprimidos<\/a> orais e solu\u00e7\u00e3o oral. Os comprimidos est\u00e3o dispon\u00edveis em dosagens de 5 mg, 10 mg e 20 mg. A solu\u00e7\u00e3o oral geralmente \u00e9 oferecida em uma concentra\u00e7\u00e3o de 1 mg\/mL, facilitando a administra\u00e7\u00e3o para aqueles que t\u00eam dificuldades com comprimidos s\u00f3lidos.<\/p>\n<h3>Indica\u00e7\u00f5es de Uso<\/h3>\n<p>Este medicamento \u00e9 indicado para o tratamento da depress\u00e3o maior, caracterizada por sintomas persistentes como tristeza profunda, <a href=\"https:\/\/farmacialino.pt\/online\/product\/alli\/\" data-internallinksmanager029f6b8e52c=\"35\" title=\"Alli\">perda<\/a> de interesse em atividades, altera\u00e7\u00f5es no apetite ou peso, dist\u00farbios do sono, falta de energia, e dificuldade de concentra\u00e7\u00e3o. Lexapro tamb\u00e9m \u00e9 eficaz no tratamento dos transtornos de ansiedade generalizada, que se manifesta por ansiedade e preocupa\u00e7\u00e3o excessiva que s\u00e3o dif\u00edceis de controlar e afetam significativamente as fun\u00e7\u00f5es di\u00e1rias do indiv\u00edduo.<\/p>\n<h3>Mecanismo de A\u00e7\u00e3o<\/h3>\n<p>O escitalopram, ativo do Lexapro, funciona aumentando os n\u00edveis de serotonina no c\u00e9rebro. A serotonina \u00e9 um neurotransmissor importante que influencia muitas fun\u00e7\u00f5es corporais, incluindo o humor e a percep\u00e7\u00e3o de dor. O medicamento bloqueia a reabsor\u00e7\u00e3o (recapta\u00e7\u00e3o) de serotonina nas c\u00e9lulas cerebrais, fazendo com que mais serotonina esteja dispon\u00edvel para melhorar a transmiss\u00e3o de mensagens entre as c\u00e9lulas nervosas.<\/p>\n<h3>Posologia e Administra\u00e7\u00e3o<\/h3>\n<p>A dosagem de Lexapro deve ser ajustada individualmente, dependendo da condi\u00e7\u00e3o a ser tratada e da resposta do paciente. Geralmente, o tratamento \u00e9 iniciado com uma dose baixa, que pode ser aumentada gradualmente pelo m\u00e9dico. O medicamento pode ser tomado com ou sem alimentos, e \u00e9 importante tomar esta medica\u00e7\u00e3o \u00e0 mesma hora todos os dias para manter uma concentra\u00e7\u00e3o est\u00e1vel no sangue.<\/p>\n<h3>Interac\u00e7\u00f5es Medicamentosas<\/h3>\n<p>Lexapro pode interagir com outros medicamentos, o que pode alterar a forma como funciona ou aumentar o risco de efeitos secund\u00e1rios graves. \u00c9 essencial informar o m\u00e9dico sobre todos os medicamentos que est\u00e1 a tomar, incluindo prescri\u00e7\u00f5es m\u00e9dicas, medicamentos sem receita, suplementos nutricionais e produtos \u00e0 base de plantas. Particular aten\u00e7\u00e3o deve ser dada ao uso concomitante de outros ISRS, anti-inflamat\u00f3rios n\u00e3o esteroides (AINEs), anticoagulantes, e medicamentos que afetam a coagula\u00e7\u00e3o, pois podem aumentar o risco de sangramento.<\/p>\n<h3>Efeitos Secund\u00e1rios Comuns<\/h3>\n<p>Os efeitos secund\u00e1rios comuns do Lexapro incluem n\u00e1useas, fadiga, ins\u00f4nia, sudorese, boca seca e aumento de peso. Esses efeitos s\u00e3o geralmente tempor\u00e1rios e podem diminuir \u00e0 medida que o corpo se adapta ao medicamento. No entanto, se persistirem ou se tornarem problem\u00e1ticos, \u00e9 recomend\u00e1vel consultar um m\u00e9dico para avalia\u00e7\u00e3o e poss\u00edvel ajuste de dosagem.<\/p>\n<h3>Ajustes em Popula\u00e7\u00f5es Espec\u00edficas<\/h3>\n<p>Em pacientes idosos, pode ser necess\u00e1rio ajustar a dosagem de Lexapro, pois eles geralmente processam os medicamentos mais lentamente. Tamb\u00e9m s\u00e3o necess\u00e1rias precau\u00e7\u00f5es em pacientes com problemas renais ou hep\u00e1ticos graves, uma vez que estes condi\u00e7\u00f5es podem afetar a elimina\u00e7\u00e3o do medicamento do corpo, necessitando um ajuste na dosagem para evitar a toxicidade.<\/p>\n<h3>Armazenamento e Conserva\u00e7\u00e3o<\/h3>\n<p>\u00c9 crucial armazenar Lexapro em um local fresco e seco, longe da luz direta e da umidade. A temperatura ideal de armazenamento est\u00e1 entre 15 a 30\u00b0C. Al\u00e9m disso, \u00e9 importante manter este medicamento fora do alcance de crian\u00e7as, para evitar ingest\u00e3o acidental.<\/p>\n","protected":false},"excerpt":{"rendered":"<p>Lexapro \u00e9 um medicamento cujo ingrediente ativo \u00e9 o escitalopram. Tamb\u00e9m conhecido como Cipralex em alguns pa\u00edses, Lexapro \u00e9 usado principalmente para tratar a depress\u00e3o e transtornos de ansiedade generalizada.<\/p>\n<h2>Pre\u00e7o do Lexapro<\/h2>\n<p>O custo do Lexapro varia de 0.26 \u20ac a 1.7 \u20ac por p\u00edlulas. Depende do tamanho da embalagem e da quantidade de ingrediente ativo (30 ou 360 comprimidos).<\/p>\n","protected":false},"featured_media":209,"comment_status":"open","ping_status":"closed","template":"","meta":{"site-sidebar-layout":"","site-content-layout":"","ast-site-content-layout":"","site-content-style":"","site-sidebar-style":"","ast-global-header-display":"","ast-banner-title-visibility":"","ast-main-header-display":"","ast-hfb-above-header-display":"","ast-hfb-below-header-display":"","ast-hfb-mobile-header-display":"","site-post-title":"","ast-breadcrumbs-content":"","ast-featured-img":"","footer-sml-layout":"","ast-disable-related-posts":"","theme-transparent-header-meta":"","adv-header-id-meta":"","stick-header-meta":"","header-above-stick-meta":"","header-main-stick-meta":"","header-below-stick-meta":"","astra-migrate-meta-layouts":"","ast-page-background-enabled":"default","ast-page-background-meta":{"desktop":{"background-color":"var(--ast-global-color-4)","background-image":"","background-repeat":"repeat","background-position":"center center","background-size":"auto","background-attachment":"scroll","background-type":"","background-media":"","overlay-type":"","overlay-color":"","overlay-opacity":"","overlay-gradient":""},"tablet":{"background-color":"","background-image":"","background-repeat":"repeat","background-position":"center center","background-size":"auto","background-attachment":"scroll","background-type":"","background-media":"","overlay-type":"","overlay-color":"","overlay-opacity":"","overlay-gradient":""},"mobile":{"background-color":"","background-image":"","background-repeat":"repeat","background-position":"center center","background-size":"auto","background-attachment":"scroll","background-type":"","background-media":"","overlay-type":"","overlay-color":"","overlay-opacity":"","overlay-gradient":""}},"ast-content-background-meta":{"desktop":{"background-color":"var(--ast-global-color-5)","background-image":"","background-repeat":"repeat","background-position":"center center","background-size":"auto","background-attachment":"scroll","background-type":"","background-media":"","overlay-type":"","overlay-color":"","overlay-opacity":"","overlay-gradient":""},"tablet":{"background-color":"var(--ast-global-color-5)","background-image":"","background-repeat":"repeat","background-position":"center center","background-size":"auto","background-attachment":"scroll","background-type":"","background-media":"","overlay-type":"","overlay-color":"","overlay-opacity":"","overlay-gradient":""},"mobile":{"background-color":"var(--ast-global-color-5)","background-image":"","background-repeat":"repeat","background-position":"center center","background-size":"auto","background-attachment":"scroll","background-type":"","background-media":"","overlay-type":"","overlay-color":"","overlay-opacity":"","overlay-gradient":""}}},"product_brand":[],"product_cat":[26],"product_tag":[],"class_list":{"0":"post-179","1":"product","2":"type-product","3":"status-publish","4":"has-post-thumbnail","6":"product_cat-depressao","7":"pa_ingrediente-ativo-escitalopram","8":"desktop-align-right","9":"tablet-align-left","10":"mobile-align-left","12":"first","13":"instock","14":"shipping-taxable","15":"product-type-external"},"_links":{"self":[{"href":"https:\/\/farmacialino.pt\/online\/wp-json\/wp\/v2\/product\/179","targetHints":{"allow":["GET"]}}],"collection":[{"href":"https:\/\/farmacialino.pt\/online\/wp-json\/wp\/v2\/product"}],"about":[{"href":"https:\/\/farmacialino.pt\/online\/wp-json\/wp\/v2\/types\/product"}],"replies":[{"embeddable":true,"href":"https:\/\/farmacialino.pt\/online\/wp-json\/wp\/v2\/comments?post=179"}],"wp:featuredmedia":[{"embeddable":true,"href":"https:\/\/farmacialino.pt\/online\/wp-json\/wp\/v2\/media\/209"}],"wp:attachment":[{"href":"https:\/\/farmacialino.pt\/online\/wp-json\/wp\/v2\/media?parent=179"}],"wp:term":[{"taxonomy":"product_brand","embeddable":true,"href":"https:\/\/farmacialino.pt\/online\/wp-json\/wp\/v2\/product_brand?post=179"},{"taxonomy":"product_cat","embeddable":true,"href":"https:\/\/farmacialino.pt\/online\/wp-json\/wp\/v2\/product_cat?post=179"},{"taxonomy":"product_tag","embeddable":true,"href":"https:\/\/farmacialino.pt\/online\/wp-json\/wp\/v2\/product_tag?post=179"}],"curies":[{"name":"wp","href":"https:\/\/api.w.org\/{rel}","templated":true}]}}