{"id":237,"date":"2025-07-07T20:44:52","date_gmt":"2025-07-07T20:44:52","guid":{"rendered":"https:\/\/farmacialino.pt\/online\/?post_type=product&#038;p=237"},"modified":"2025-08-05T12:28:56","modified_gmt":"2025-08-05T12:28:56","slug":"viagra","status":"publish","type":"product","link":"https:\/\/farmacialino.pt\/online\/product\/viagra\/","title":{"rendered":"Viagra"},"content":{"rendered":"<h3>Nome Comercial e Gen\u00e9rico<\/h3>\n<p>O nome comercial do medicamento \u00e9 Viagra, sendo comumente reconhecido neste termo. O nome gen\u00e9rico do Viagra \u00e9 sildenafil, que tamb\u00e9m \u00e9 seu principal componente ativo. O sildenafil pertence \u00e0 classe de medicamentos conhecidos como inibidores da fosfodiesterase tipo 5 (PDE5).<\/p>\n<h3>Formas Farmac\u00eauticas Dispon\u00edveis<\/h3>\n<p>O Viagra est\u00e1 dispon\u00edvel principalmente em forma de <a href=\"https:\/\/farmacialino.pt\/online\/product\/glucophage\/\" data-internallinksmanager029f6b8e52c=\"45\" title=\"Glucophage\">comprimidos<\/a>. Os comprimidos s\u00e3o geralmente azuis e t\u00eam uma forma de losango arredondado. S\u00e3o comercializados em v\u00e1rias dosagens, incluindo 25 mg, 50 mg e 100 mg, permitindo uma dosagem ajust\u00e1vel de acordo com a necessidade e prescri\u00e7\u00e3o m\u00e9dica.<\/p>\n<h3>Mecanismo de A\u00e7\u00e3o<\/h3>\n<p>O sildenafil atua relaxando os m\u00fasculos lisos e aumentando o fluxo sangu\u00edneo para determinadas \u00e1reas do corpo. No caso do tratamento da disfun\u00e7\u00e3o er\u00e9til, o Viagra facilita o aumento do fluxo sangu\u00edneo para o p\u00eanis, o que contribui para alcan\u00e7ar e manter uma ere\u00e7\u00e3o quando h\u00e1 estimula\u00e7\u00e3o <a href=\"https:\/\/farmacialino.pt\/online\/product\/levitra\/\" data-internallinksmanager029f6b8e52c=\"34\" title=\"Levitra\">sexual<\/a>. O efeito do medicamento ocorre apenas com a presen\u00e7a de est\u00edmulo sexual, n\u00e3o resultando em uma ere\u00e7\u00e3o apenas pela ingest\u00e3o do <a href=\"https:\/\/farmacialino.pt\/online\/product\/cytotec\/\" data-internallinksmanager029f6b8e52c=\"64\" title=\"Cytotec\">comprimido<\/a>.<\/p>\n<h3>Indica\u00e7\u00f5es de Uso<\/h3>\n<p>O uso principal do Viagra \u00e9 para o tratamento da disfun\u00e7\u00e3o er\u00e9til em homens adultos. O medicamento ajuda a combater a incapacidade de obter ou manter uma ere\u00e7\u00e3o adequada para uma atividade sexual satisfat\u00f3ria. A efic\u00e1cia do sildenafil foi demonstrada em uma variedade de condi\u00e7\u00f5es, incluindo <a href=\"https:\/\/farmacialino.pt\/online\/product-category\/diabetes\/\" data-internallinksmanager029f6b8e52c=\"18\" title=\"diabetes\">diabetes<\/a>, <a href=\"https:\/\/farmacialino.pt\/online\/product-category\/depressao\/\" data-internallinksmanager029f6b8e52c=\"25\" title=\"Depress\u00e3o\">depress\u00e3o<\/a> e les\u00f5es na medula espinhal.<\/p>\n<h3>Instru\u00e7\u00f5es de Administra\u00e7\u00e3o<\/h3>\n<p>O Viagra deve ser tomado aproximadamente uma hora antes da atividade sexual planejada. O comprimido deve ser engolido inteiro, com um pouco de \u00e1gua. N\u00e3o \u00e9 recomend\u00e1vel consumir grandes quantidades de \u00e1lcool antes de tomar Viagra, pois o \u00e1lcool pode reduzir a efic\u00e1cia do medicamento. A dose m\u00e1xima recomendada \u00e9 de 100 mg e n\u00e3o deve ser excedida. Al\u00e9m disso, o medicamento n\u00e3o deve ser usado mais de uma vez por dia.<\/p>\n<h3>Interpreta\u00e7\u00e3o Farmacocin\u00e9tica<\/h3>\n<p>A absor\u00e7\u00e3o do sildenafil \u00e9 r\u00e1pida, com concentra\u00e7\u00f5es plasm\u00e1ticas m\u00e1ximas sendo atingidas dentro de 30 a 120 minutos ap\u00f3s a ingest\u00e3o oral em jejum. A presen\u00e7a de alimentos, especialmente os ricos em gorduras, pode atrasar o tempo necess\u00e1rio para alcan\u00e7ar as concentra\u00e7\u00f5es plasm\u00e1ticas m\u00e1ximas. O medicamento \u00e9 metabolizado principalmente pelo f\u00edgado e sua elimina\u00e7\u00e3o \u00e9 feita tanto pelas fezes quanto pela urina.<\/p>\n<h3>Potenciais Efeitos Colaterais<\/h3>\n<p>O Viagra pode causar efeitos colaterais, dos quais os mais comuns incluem dores de cabe\u00e7a, rubor facial e indigest\u00e3o. Outros efeitos menos comuns, mas potencialmente s\u00e9rios, incluem <a href=\"https:\/\/farmacialino.pt\/online\/product\/alli\/\" data-internallinksmanager029f6b8e52c=\"35\" title=\"Alli\">perda<\/a> auditiva, perda tempor\u00e1ria da vis\u00e3o e ere\u00e7\u00f5es prolongadas, conhecidas como priapismo, que requerem atendimento m\u00e9dico imediato. \u00c9 crucial que os usu\u00e1rios estejam cientes desses efeitos e consultem um m\u00e9dico se ocorrerem.<\/p>\n<h3>Interac\u00e7\u00f5es Medicamentosas<\/h3>\n<p>Viagra pode interagir com v\u00e1rios outros medicamentos, o que pode alterar a efic\u00e1cia ou aumentar o risco de efeitos colaterais s\u00e9rios. \u00c9 particularmente importante evitar o uso concomitante de nitratos, usados frequentemente no tratamento de angina, pois esta combina\u00e7\u00e3o pode causar uma queda perigosa na press\u00e3o arterial. Al\u00e9m disso, cuidado deve ser tomado quando usado junto com bloqueadores alfa ou medicamentos que afetam o metabolismo hep\u00e1tico do sildenafil.<\/p>\n<h3>Considera\u00e7\u00f5es Especiais de Armazenamento<\/h3>\n<p>O Viagra deve ser armazenado em sua embalagem original, \u00e0 temperatura ambiente e protegido da luz e da umidade. Manter fora do alcance das crian\u00e7as para evitar ingest\u00f5es acidentais, o que seria perigoso e necessitaria de interven\u00e7\u00e3o m\u00e9dica imediata.<\/p>\n","protected":false},"excerpt":{"rendered":"<p>O Viagra, cujo princ\u00edpio ativo \u00e9 o citrato de sildenafil, \u00e9 conhecido tamb\u00e9m sob a marca Revatio em outras formula\u00e7\u00f5es. Este medicamento \u00e9 utilizado principalmente para tratar a disfun\u00e7\u00e3o er\u00e9til, ajudando a aumentar o fluxo sangu\u00edneo para o p\u00eanis durante a estimula\u00e7\u00e3o sexual.<\/p>\n<h2>Pre\u00e7o do Viagra<\/h2>\n<p>Viagra custa entre 0.26 \u20ac e 3.48 \u20ac por p\u00edlulas. Depende do tamanho da embalagem e da quantidade de ingrediente ativo (10 ou 360 comprimidos).<\/p>\n","protected":false},"featured_media":260,"comment_status":"open","ping_status":"closed","template":"","meta":{"site-sidebar-layout":"","site-content-layout":"","ast-site-content-layout":"","site-content-style":"","site-sidebar-style":"","ast-global-header-display":"","ast-banner-title-visibility":"","ast-main-header-display":"","ast-hfb-above-header-display":"","ast-hfb-below-header-display":"","ast-hfb-mobile-header-display":"","site-post-title":"","ast-breadcrumbs-content":"","ast-featured-img":"","footer-sml-layout":"","ast-disable-related-posts":"","theme-transparent-header-meta":"","adv-header-id-meta":"","stick-header-meta":"","header-above-stick-meta":"","header-main-stick-meta":"","header-below-stick-meta":"","astra-migrate-meta-layouts":"","ast-page-background-enabled":"default","ast-page-background-meta":{"desktop":{"background-color":"var(--ast-global-color-4)","background-image":"","background-repeat":"repeat","background-position":"center center","background-size":"auto","background-attachment":"scroll","background-type":"","background-media":"","overlay-type":"","overlay-color":"","overlay-opacity":"","overlay-gradient":""},"tablet":{"background-color":"","background-image":"","background-repeat":"repeat","background-position":"center center","background-size":"auto","background-attachment":"scroll","background-type":"","background-media":"","overlay-type":"","overlay-color":"","overlay-opacity":"","overlay-gradient":""},"mobile":{"background-color":"","background-image":"","background-repeat":"repeat","background-position":"center center","background-size":"auto","background-attachment":"scroll","background-type":"","background-media":"","overlay-type":"","overlay-color":"","overlay-opacity":"","overlay-gradient":""}},"ast-content-background-meta":{"desktop":{"background-color":"var(--ast-global-color-5)","background-image":"","background-repeat":"repeat","background-position":"center center","background-size":"auto","background-attachment":"scroll","background-type":"","background-media":"","overlay-type":"","overlay-color":"","overlay-opacity":"","overlay-gradient":""},"tablet":{"background-color":"var(--ast-global-color-5)","background-image":"","background-repeat":"repeat","background-position":"center center","background-size":"auto","background-attachment":"scroll","background-type":"","background-media":"","overlay-type":"","overlay-color":"","overlay-opacity":"","overlay-gradient":""},"mobile":{"background-color":"var(--ast-global-color-5)","background-image":"","background-repeat":"repeat","background-position":"center center","background-size":"auto","background-attachment":"scroll","background-type":"","background-media":"","overlay-type":"","overlay-color":"","overlay-opacity":"","overlay-gradient":""}}},"product_brand":[],"product_cat":[38],"product_tag":[],"class_list":{"0":"post-237","1":"product","2":"type-product","3":"status-publish","4":"has-post-thumbnail","6":"product_cat-disfuncao-eretil","7":"pa_ingrediente-ativo-sildenafil","8":"desktop-align-right","9":"tablet-align-left","10":"mobile-align-left","12":"first","13":"instock","14":"shipping-taxable","15":"product-type-external"},"_links":{"self":[{"href":"https:\/\/farmacialino.pt\/online\/wp-json\/wp\/v2\/product\/237","targetHints":{"allow":["GET"]}}],"collection":[{"href":"https:\/\/farmacialino.pt\/online\/wp-json\/wp\/v2\/product"}],"about":[{"href":"https:\/\/farmacialino.pt\/online\/wp-json\/wp\/v2\/types\/product"}],"replies":[{"embeddable":true,"href":"https:\/\/farmacialino.pt\/online\/wp-json\/wp\/v2\/comments?post=237"}],"wp:featuredmedia":[{"embeddable":true,"href":"https:\/\/farmacialino.pt\/online\/wp-json\/wp\/v2\/media\/260"}],"wp:attachment":[{"href":"https:\/\/farmacialino.pt\/online\/wp-json\/wp\/v2\/media?parent=237"}],"wp:term":[{"taxonomy":"product_brand","embeddable":true,"href":"https:\/\/farmacialino.pt\/online\/wp-json\/wp\/v2\/product_brand?post=237"},{"taxonomy":"product_cat","embeddable":true,"href":"https:\/\/farmacialino.pt\/online\/wp-json\/wp\/v2\/product_cat?post=237"},{"taxonomy":"product_tag","embeddable":true,"href":"https:\/\/farmacialino.pt\/online\/wp-json\/wp\/v2\/product_tag?post=237"}],"curies":[{"name":"wp","href":"https:\/\/api.w.org\/{rel}","templated":true}]}}